{"id":39,"date":"2024-07-16T08:49:58","date_gmt":"2024-07-16T08:49:58","guid":{"rendered":"https:\/\/lovraciscenje.hr\/?page_id=39"},"modified":"2024-07-18T09:11:13","modified_gmt":"2024-07-18T09:11:13","slug":"zasto-lovra","status":"publish","type":"page","link":"https:\/\/lovraciscenje.hr\/?page_id=39","title":{"rendered":"ZA\u0160TO LOVRA?"},"content":{"rendered":"\n<div class=\"wp-block-group alignfull has-accent-background-color has-background has-global-padding is-layout-constrained wp-container-core-group-is-layout-669513ed wp-block-group-is-layout-constrained\" style=\"margin-top:0;margin-bottom:0;padding-top:var(--wp--preset--spacing--50);padding-right:var(--wp--preset--spacing--50);padding-bottom:var(--wp--preset--spacing--50);padding-left:var(--wp--preset--spacing--50)\">\n<div class=\"wp-block-columns alignwide is-layout-flex wp-container-core-columns-is-layout-1da03c2a wp-block-columns-is-layout-flex\">\n<div class=\"wp-block-column is-vertically-aligned-stretch is-layout-flow wp-block-column-is-layout-flow\" style=\"flex-basis:50%\">\n<div class=\"wp-block-group is-vertical is-content-justification-left is-nowrap is-layout-flex wp-container-core-group-is-layout-3b95c1a1 wp-block-group-is-layout-flex\" style=\"min-height:100%\">\n<p class=\"has-heading-font-family has-large-font-size\" style=\"line-height:1.2\">Na\u0161e usluge \u010di\u0161\u0107enja pru\u017eaju visoko kvalificirani i iskusni djelatnici.<\/p>\n\n\n\n<p class=\"has-inter-font-family has-small-font-size wp-container-content-9cfa9a5a\"><strong>Povjerenje i sigurnost<\/strong>: Jam\u010dimo stru\u010dnu uslugu i po\u0161tivanje svih zadanih normi i rokova. <\/p>\n\n\n\n<p class=\"has-inter-font-family has-small-font-size wp-container-content-9cfa9a5a\"><strong>Iskustvo i zadovoljstvo klijenata<\/strong>: Radimo s brojnim klijentima na razli\u010ditim objektima, te imamo veliki broj zadovoljnih suvlasnika stambenih zgrada i poslovnih objekata.<strong><br><\/strong><\/p>\n<\/div>\n<\/div>\n\n\n\n<div class=\"wp-block-column is-vertically-aligned-center is-layout-flow wp-block-column-is-layout-flow\" style=\"flex-basis:50%\">\n<figure class=\"wp-block-image aligncenter size-large is-resized is-style-rounded is-style-rounded--1\"><img loading=\"lazy\" decoding=\"async\" width=\"683\" height=\"1024\" src=\"https:\/\/lovraciscenje.hr\/wp-content\/uploads\/2024\/07\/cisto_stubiste-683x1024.webp\" alt=\"\" class=\"wp-image-40\" style=\"aspect-ratio:0.75;object-fit:cover;width:347px;height:auto\" srcset=\"https:\/\/lovraciscenje.hr\/wp-content\/uploads\/2024\/07\/cisto_stubiste-683x1024.webp 683w, https:\/\/lovraciscenje.hr\/wp-content\/uploads\/2024\/07\/cisto_stubiste-200x300.webp 200w, https:\/\/lovraciscenje.hr\/wp-content\/uploads\/2024\/07\/cisto_stubiste-768x1152.webp 768w, https:\/\/lovraciscenje.hr\/wp-content\/uploads\/2024\/07\/cisto_stubiste.webp 800w\" sizes=\"auto, (max-width: 683px) 100vw, 683px\" \/><\/figure>\n<\/div>\n<\/div>\n<\/div>\n\n\n\n<figure class=\"wp-block-image aligncenter size-full has-custom-border is-style-rounded is-style-rounded--2\"><img loading=\"lazy\" decoding=\"async\" width=\"936\" height=\"532\" src=\"https:\/\/lovraciscenje.hr\/wp-content\/uploads\/2024\/07\/Screenshot-2024-07-10-at-20.01.36.png\" alt=\"\" class=\"wp-image-41\" style=\"border-width:3px\" srcset=\"https:\/\/lovraciscenje.hr\/wp-content\/uploads\/2024\/07\/Screenshot-2024-07-10-at-20.01.36.png 936w, https:\/\/lovraciscenje.hr\/wp-content\/uploads\/2024\/07\/Screenshot-2024-07-10-at-20.01.36-300x171.png 300w, https:\/\/lovraciscenje.hr\/wp-content\/uploads\/2024\/07\/Screenshot-2024-07-10-at-20.01.36-768x437.png 768w\" sizes=\"auto, (max-width: 936px) 100vw, 936px\" \/><figcaption class=\"wp-element-caption\">Lukenda d.o.o. \u2013 Ore\u0161kovi\u0107eva 1, Zagreb ; Godina gradnje 2022. ; NKP 9.198,60 m2<\/figcaption><\/figure>\n\n\n\n<div class=\"wp-block-columns is-layout-flex wp-container-core-columns-is-layout-28f84493 wp-block-columns-is-layout-flex\">\n<div class=\"wp-block-column is-layout-flow wp-block-column-is-layout-flow\">\n<figure class=\"wp-block-image aligncenter size-full has-custom-border is-style-rounded is-style-rounded--3\"><img loading=\"lazy\" decoding=\"async\" width=\"1024\" height=\"886\" src=\"https:\/\/lovraciscenje.hr\/wp-content\/uploads\/2024\/07\/Screenshot-2024-07-10-at-21.07.17.png\" alt=\"\" class=\"wp-image-42\" style=\"border-width:3px\" srcset=\"https:\/\/lovraciscenje.hr\/wp-content\/uploads\/2024\/07\/Screenshot-2024-07-10-at-21.07.17.png 1024w, https:\/\/lovraciscenje.hr\/wp-content\/uploads\/2024\/07\/Screenshot-2024-07-10-at-21.07.17-300x260.png 300w, https:\/\/lovraciscenje.hr\/wp-content\/uploads\/2024\/07\/Screenshot-2024-07-10-at-21.07.17-768x665.png 768w\" sizes=\"auto, (max-width: 1024px) 100vw, 1024px\" \/><figcaption class=\"wp-element-caption\">VDM d.o.o. \u2013Nova cesta 162, Zagreb; godina gradnje 2021. ; NKP 3.770 m2<\/figcaption><\/figure>\n<\/div>\n\n\n\n<div class=\"wp-block-column is-layout-flow wp-block-column-is-layout-flow\">\n<figure class=\"wp-block-image aligncenter size-large is-resized has-custom-border is-style-rounded is-style-rounded--4\"><img loading=\"lazy\" decoding=\"async\" width=\"1024\" height=\"578\" src=\"https:\/\/lovraciscenje.hr\/wp-content\/uploads\/2024\/07\/Screenshot-2024-07-10-at-20.01.15-1024x578.png\" alt=\"\" class=\"wp-image-43\" style=\"border-width:3px;aspect-ratio:1.2;object-fit:cover;width:300px;height:auto\" srcset=\"https:\/\/lovraciscenje.hr\/wp-content\/uploads\/2024\/07\/Screenshot-2024-07-10-at-20.01.15-1024x578.png 1024w, https:\/\/lovraciscenje.hr\/wp-content\/uploads\/2024\/07\/Screenshot-2024-07-10-at-20.01.15-300x169.png 300w, https:\/\/lovraciscenje.hr\/wp-content\/uploads\/2024\/07\/Screenshot-2024-07-10-at-20.01.15-768x433.png 768w, https:\/\/lovraciscenje.hr\/wp-content\/uploads\/2024\/07\/Screenshot-2024-07-10-at-20.01.15.png 1244w\" sizes=\"auto, (max-width: 1024px) 100vw, 1024px\" \/><figcaption class=\"wp-element-caption\">VDM d.o.o. \u2013 Prilaz baruna Filipovi\u0107a 23, Zagreb; godina gradnje 2021. ; NKP 5.035 m2<br><\/figcaption><\/figure>\n<\/div>\n<\/div>\n\n\n\n<figure class=\"wp-block-image aligncenter size-full has-custom-border is-style-rounded is-style-rounded--5\"><img loading=\"lazy\" decoding=\"async\" width=\"804\" height=\"496\" src=\"https:\/\/lovraciscenje.hr\/wp-content\/uploads\/2024\/07\/Screenshot-2024-07-10-at-20.01.28.png\" alt=\"\" class=\"wp-image-44\" style=\"border-width:2px\" srcset=\"https:\/\/lovraciscenje.hr\/wp-content\/uploads\/2024\/07\/Screenshot-2024-07-10-at-20.01.28.png 804w, https:\/\/lovraciscenje.hr\/wp-content\/uploads\/2024\/07\/Screenshot-2024-07-10-at-20.01.28-300x185.png 300w, https:\/\/lovraciscenje.hr\/wp-content\/uploads\/2024\/07\/Screenshot-2024-07-10-at-20.01.28-768x474.png 768w\" sizes=\"auto, (max-width: 804px) 100vw, 804px\" \/><figcaption class=\"wp-element-caption\">TM ORANICE JEDAN d.o.o. \u2013 Pavlenski put 3, Zagreb; Godina gradnje 2021; NKP 8.800 m3<\/figcaption><\/figure>\n\n\n\n<div class=\"wp-block-columns is-layout-flex wp-container-core-columns-is-layout-28f84493 wp-block-columns-is-layout-flex\">\n<div class=\"wp-block-column is-layout-flow wp-block-column-is-layout-flow\">\n<figure class=\"wp-block-image aligncenter size-full\"><img loading=\"lazy\" decoding=\"async\" width=\"940\" height=\"230\" src=\"https:\/\/lovraciscenje.hr\/wp-content\/uploads\/2024\/07\/waltdisnep.png\" alt=\"\" class=\"wp-image-45\" srcset=\"https:\/\/lovraciscenje.hr\/wp-content\/uploads\/2024\/07\/waltdisnep.png 940w, https:\/\/lovraciscenje.hr\/wp-content\/uploads\/2024\/07\/waltdisnep-300x73.png 300w, https:\/\/lovraciscenje.hr\/wp-content\/uploads\/2024\/07\/waltdisnep-768x188.png 768w\" sizes=\"auto, (max-width: 940px) 100vw, 940px\" \/><\/figure>\n<\/div>\n\n\n\n<div class=\"wp-block-column is-layout-flow wp-block-column-is-layout-flow\">\n<figure class=\"wp-block-image aligncenter size-large\"><img loading=\"lazy\" decoding=\"async\" width=\"1024\" height=\"485\" src=\"https:\/\/lovraciscenje.hr\/wp-content\/uploads\/2024\/07\/Screenshot-2024-07-17-at-10.57.34-1-1024x485.png\" alt=\"\" class=\"wp-image-114\" srcset=\"https:\/\/lovraciscenje.hr\/wp-content\/uploads\/2024\/07\/Screenshot-2024-07-17-at-10.57.34-1-1024x485.png 1024w, https:\/\/lovraciscenje.hr\/wp-content\/uploads\/2024\/07\/Screenshot-2024-07-17-at-10.57.34-1-300x142.png 300w, https:\/\/lovraciscenje.hr\/wp-content\/uploads\/2024\/07\/Screenshot-2024-07-17-at-10.57.34-1-768x364.png 768w, https:\/\/lovraciscenje.hr\/wp-content\/uploads\/2024\/07\/Screenshot-2024-07-17-at-10.57.34-1.png 1424w\" sizes=\"auto, (max-width: 1024px) 100vw, 1024px\" \/><\/figure>\n<\/div>\n\n\n\n<div class=\"wp-block-column is-layout-flow wp-block-column-is-layout-flow\">\n<figure class=\"wp-block-image aligncenter size-large\"><img loading=\"lazy\" decoding=\"async\" width=\"1024\" height=\"332\" src=\"https:\/\/lovraciscenje.hr\/wp-content\/uploads\/2024\/07\/D_logo_h_tz-1-1-1024x332.png\" alt=\"\" class=\"wp-image-47\" srcset=\"https:\/\/lovraciscenje.hr\/wp-content\/uploads\/2024\/07\/D_logo_h_tz-1-1-1024x332.png 1024w, https:\/\/lovraciscenje.hr\/wp-content\/uploads\/2024\/07\/D_logo_h_tz-1-1-300x97.png 300w, https:\/\/lovraciscenje.hr\/wp-content\/uploads\/2024\/07\/D_logo_h_tz-1-1-768x249.png 768w, https:\/\/lovraciscenje.hr\/wp-content\/uploads\/2024\/07\/D_logo_h_tz-1-1-1536x498.png 1536w, https:\/\/lovraciscenje.hr\/wp-content\/uploads\/2024\/07\/D_logo_h_tz-1-1-2048x664.png 2048w\" sizes=\"auto, (max-width: 1024px) 100vw, 1024px\" \/><\/figure>\n<\/div>\n<\/div>\n\n\n\n<div class=\"wp-block-columns is-layout-flex wp-container-core-columns-is-layout-28f84493 wp-block-columns-is-layout-flex\">\n<div class=\"wp-block-column is-layout-flow wp-block-column-is-layout-flow\">\n<figure class=\"wp-block-image aligncenter size-full has-custom-border is-style-rounded is-style-rounded--6\"><img loading=\"lazy\" decoding=\"async\" width=\"225\" height=\"225\" src=\"https:\/\/lovraciscenje.hr\/wp-content\/uploads\/2024\/07\/hbc-1.png\" alt=\"\" class=\"wp-image-48\" style=\"border-width:3px\" srcset=\"https:\/\/lovraciscenje.hr\/wp-content\/uploads\/2024\/07\/hbc-1.png 225w, https:\/\/lovraciscenje.hr\/wp-content\/uploads\/2024\/07\/hbc-1-150x150.png 150w\" sizes=\"auto, (max-width: 225px) 100vw, 225px\" \/><\/figure>\n<\/div>\n\n\n\n<div class=\"wp-block-column is-layout-flow wp-block-column-is-layout-flow\">\n<figure class=\"wp-block-image size-large\"><img loading=\"lazy\" decoding=\"async\" width=\"784\" height=\"1024\" src=\"https:\/\/lovraciscenje.hr\/wp-content\/uploads\/2024\/07\/lovra_white_final-2-784x1024.png\" alt=\"\" class=\"wp-image-49\" srcset=\"https:\/\/lovraciscenje.hr\/wp-content\/uploads\/2024\/07\/lovra_white_final-2-784x1024.png 784w, https:\/\/lovraciscenje.hr\/wp-content\/uploads\/2024\/07\/lovra_white_final-2-230x300.png 230w, https:\/\/lovraciscenje.hr\/wp-content\/uploads\/2024\/07\/lovra_white_final-2-768x1003.png 768w, https:\/\/lovraciscenje.hr\/wp-content\/uploads\/2024\/07\/lovra_white_final-2-1176x1536.png 1176w, https:\/\/lovraciscenje.hr\/wp-content\/uploads\/2024\/07\/lovra_white_final-2-1568x2048.png 1568w\" sizes=\"auto, (max-width: 784px) 100vw, 784px\" \/><\/figure>\n<\/div>\n\n\n\n<div class=\"wp-block-column is-layout-flow wp-block-column-is-layout-flow\" style=\"padding-top:0;padding-bottom:0\">\n<figure class=\"wp-block-image size-full is-resized has-custom-border is-style-rounded is-style-rounded--7\"><img loading=\"lazy\" decoding=\"async\" width=\"532\" height=\"95\" src=\"https:\/\/lovraciscenje.hr\/wp-content\/uploads\/2024\/07\/download-1.jpeg\" alt=\"\" class=\"wp-image-116\" style=\"border-width:3px;width:213px;height:auto\" srcset=\"https:\/\/lovraciscenje.hr\/wp-content\/uploads\/2024\/07\/download-1.jpeg 532w, https:\/\/lovraciscenje.hr\/wp-content\/uploads\/2024\/07\/download-1-300x54.jpeg 300w\" sizes=\"auto, (max-width: 532px) 100vw, 532px\" \/><\/figure>\n\n\n\n<figure class=\"wp-block-image size-full has-custom-border\"><img loading=\"lazy\" decoding=\"async\" width=\"800\" height=\"800\" src=\"https:\/\/lovraciscenje.hr\/wp-content\/uploads\/2024\/07\/geoekspert_d_o_o_logo-1.png\" alt=\"\" class=\"wp-image-118\" style=\"border-radius:12px\" srcset=\"https:\/\/lovraciscenje.hr\/wp-content\/uploads\/2024\/07\/geoekspert_d_o_o_logo-1.png 800w, https:\/\/lovraciscenje.hr\/wp-content\/uploads\/2024\/07\/geoekspert_d_o_o_logo-1-300x300.png 300w, https:\/\/lovraciscenje.hr\/wp-content\/uploads\/2024\/07\/geoekspert_d_o_o_logo-1-150x150.png 150w, https:\/\/lovraciscenje.hr\/wp-content\/uploads\/2024\/07\/geoekspert_d_o_o_logo-1-768x768.png 768w\" sizes=\"auto, (max-width: 800px) 100vw, 800px\" \/><\/figure>\n<\/div>\n<\/div>\n\n\n\n<div class=\"wp-block-columns is-layout-flex wp-container-core-columns-is-layout-28f84493 wp-block-columns-is-layout-flex\">\n<div class=\"wp-block-column is-layout-flow wp-block-column-is-layout-flow\">\n<figure class=\"wp-block-image aligncenter size-large has-custom-border is-style-rounded is-style-rounded--8\"><img loading=\"lazy\" decoding=\"async\" width=\"1024\" height=\"613\" src=\"https:\/\/lovraciscenje.hr\/wp-content\/uploads\/2024\/07\/Screenshot-2024-07-11-at-14.19.46-1024x613.png\" alt=\"\" class=\"wp-image-51\" style=\"border-width:2px\" srcset=\"https:\/\/lovraciscenje.hr\/wp-content\/uploads\/2024\/07\/Screenshot-2024-07-11-at-14.19.46-1024x613.png 1024w, https:\/\/lovraciscenje.hr\/wp-content\/uploads\/2024\/07\/Screenshot-2024-07-11-at-14.19.46-300x180.png 300w, https:\/\/lovraciscenje.hr\/wp-content\/uploads\/2024\/07\/Screenshot-2024-07-11-at-14.19.46-768x460.png 768w, https:\/\/lovraciscenje.hr\/wp-content\/uploads\/2024\/07\/Screenshot-2024-07-11-at-14.19.46.png 1032w\" sizes=\"auto, (max-width: 1024px) 100vw, 1024px\" \/><figcaption class=\"wp-element-caption\">Lukenda d.o.o. \u2013 Odranska 63a i Odranska 63b<\/figcaption><\/figure>\n<\/div>\n\n\n\n<div class=\"wp-block-column is-layout-flow wp-block-column-is-layout-flow\">\n<figure class=\"wp-block-image aligncenter size-large is-resized has-custom-border is-style-rounded is-style-rounded--9\"><img loading=\"lazy\" decoding=\"async\" width=\"1024\" height=\"510\" src=\"https:\/\/lovraciscenje.hr\/wp-content\/uploads\/2024\/07\/Screenshot-2024-07-11-at-14.19.41-1024x510.png\" alt=\"\" class=\"wp-image-52\" style=\"border-width:2px;object-fit:cover;width:300px;height:175px\" srcset=\"https:\/\/lovraciscenje.hr\/wp-content\/uploads\/2024\/07\/Screenshot-2024-07-11-at-14.19.41-1024x510.png 1024w, https:\/\/lovraciscenje.hr\/wp-content\/uploads\/2024\/07\/Screenshot-2024-07-11-at-14.19.41-300x149.png 300w, https:\/\/lovraciscenje.hr\/wp-content\/uploads\/2024\/07\/Screenshot-2024-07-11-at-14.19.41-768x383.png 768w, https:\/\/lovraciscenje.hr\/wp-content\/uploads\/2024\/07\/Screenshot-2024-07-11-at-14.19.41.png 1048w\" sizes=\"auto, (max-width: 1024px) 100vw, 1024px\" \/><figcaption class=\"wp-element-caption\">Lukenda d.o.o. \u2013 Svetoklarska 17\/1, Zagreb<\/figcaption><\/figure>\n<\/div>\n<\/div>\n\n\n\n<figure class=\"wp-block-image aligncenter size-large has-custom-border is-style-rounded is-style-rounded--10\"><img loading=\"lazy\" decoding=\"async\" width=\"1024\" height=\"681\" src=\"https:\/\/lovraciscenje.hr\/wp-content\/uploads\/2024\/07\/Screenshot-2024-07-11-at-14.19.24-1024x681.png\" alt=\"\" class=\"wp-image-53\" style=\"border-width:2px\" srcset=\"https:\/\/lovraciscenje.hr\/wp-content\/uploads\/2024\/07\/Screenshot-2024-07-11-at-14.19.24-1024x681.png 1024w, https:\/\/lovraciscenje.hr\/wp-content\/uploads\/2024\/07\/Screenshot-2024-07-11-at-14.19.24-300x199.png 300w, https:\/\/lovraciscenje.hr\/wp-content\/uploads\/2024\/07\/Screenshot-2024-07-11-at-14.19.24-768x510.png 768w, https:\/\/lovraciscenje.hr\/wp-content\/uploads\/2024\/07\/Screenshot-2024-07-11-at-14.19.24.png 1360w\" sizes=\"auto, (max-width: 1024px) 100vw, 1024px\" \/><figcaption class=\"wp-element-caption\">&nbsp;Mega Logistic \u2013 Projekt: I. Osnova \u0161kola Petrinja<\/figcaption><\/figure>\n\n\n\n<div class=\"wp-block-columns is-layout-flex wp-container-core-columns-is-layout-28f84493 wp-block-columns-is-layout-flex\">\n<div class=\"wp-block-column is-layout-flow wp-block-column-is-layout-flow\">\n<figure class=\"wp-block-image aligncenter size-large has-custom-border is-style-rounded is-style-rounded--11\"><img loading=\"lazy\" decoding=\"async\" width=\"1024\" height=\"566\" src=\"https:\/\/lovraciscenje.hr\/wp-content\/uploads\/2024\/07\/Screenshot-2024-07-11-at-14.19.34-1024x566.png\" alt=\"\" class=\"wp-image-54\" style=\"border-width:2px\" srcset=\"https:\/\/lovraciscenje.hr\/wp-content\/uploads\/2024\/07\/Screenshot-2024-07-11-at-14.19.34-1024x566.png 1024w, https:\/\/lovraciscenje.hr\/wp-content\/uploads\/2024\/07\/Screenshot-2024-07-11-at-14.19.34-300x166.png 300w, https:\/\/lovraciscenje.hr\/wp-content\/uploads\/2024\/07\/Screenshot-2024-07-11-at-14.19.34-768x425.png 768w, https:\/\/lovraciscenje.hr\/wp-content\/uploads\/2024\/07\/Screenshot-2024-07-11-at-14.19.34.png 1530w\" sizes=\"auto, (max-width: 1024px) 100vw, 1024px\" \/><figcaption class=\"wp-element-caption\">Azimut projekt d.o.o. \u2013 Projekt Zapre\u0161i\u0107<\/figcaption><\/figure>\n<\/div>\n\n\n\n<div class=\"wp-block-column is-layout-flow wp-block-column-is-layout-flow\">\n<figure class=\"wp-block-image aligncenter size-large is-resized has-custom-border is-style-rounded is-style-rounded--12\"><img loading=\"lazy\" decoding=\"async\" width=\"1024\" height=\"569\" src=\"https:\/\/lovraciscenje.hr\/wp-content\/uploads\/2024\/07\/Screenshot-2024-07-10-at-20.01.43-1024x569.png\" alt=\"\" class=\"wp-image-55\" style=\"border-width:2px;width:300px;height:auto\" srcset=\"https:\/\/lovraciscenje.hr\/wp-content\/uploads\/2024\/07\/Screenshot-2024-07-10-at-20.01.43-1024x569.png 1024w, https:\/\/lovraciscenje.hr\/wp-content\/uploads\/2024\/07\/Screenshot-2024-07-10-at-20.01.43-300x167.png 300w, https:\/\/lovraciscenje.hr\/wp-content\/uploads\/2024\/07\/Screenshot-2024-07-10-at-20.01.43-768x427.png 768w, https:\/\/lovraciscenje.hr\/wp-content\/uploads\/2024\/07\/Screenshot-2024-07-10-at-20.01.43.png 1098w\" sizes=\"auto, (max-width: 1024px) 100vw, 1024px\" \/><figcaption class=\"wp-element-caption\">Lukenda d.o.o. \u2013 Drmi\u0107eva 4, Zagreb ; Godina gradnje 2023. ; NKP 9.198,60 m2<\/figcaption><\/figure>\n<\/div>\n<\/div>\n\n\n\n<hr class=\"wp-block-separator has-alpha-channel-opacity is-style-wide\"\/>\n\n\n\n<p class=\"has-text-align-center has-inter-font-family\">Odr\u017eavamo vi\u0161e od 60 stambenih i poslovnih zgrada.<\/p>\n\n\n\n<hr class=\"wp-block-separator has-alpha-channel-opacity\"\/>\n\n\n<style id=\"wpforms-css-vars-root\">\n\t\t\t\t:root {\n\t\t\t\t\t--wpforms-field-border-radius: 3px;\n--wpforms-field-border-style: solid;\n--wpforms-field-border-size: 1px;\n--wpforms-field-background-color: #ffffff;\n--wpforms-field-border-color: rgba( 0, 0, 0, 0.25 );\n--wpforms-field-border-color-spare: rgba( 0, 0, 0, 0.25 );\n--wpforms-field-text-color: rgba( 0, 0, 0, 0.7 );\n--wpforms-field-menu-color: #ffffff;\n--wpforms-label-color: rgba( 0, 0, 0, 0.85 );\n--wpforms-label-sublabel-color: rgba( 0, 0, 0, 0.55 );\n--wpforms-label-error-color: #d63637;\n--wpforms-button-border-radius: 3px;\n--wpforms-button-border-style: none;\n--wpforms-button-border-size: 1px;\n--wpforms-button-background-color: #066aab;\n--wpforms-button-border-color: #066aab;\n--wpforms-button-text-color: #ffffff;\n--wpforms-page-break-color: #066aab;\n--wpforms-background-image: none;\n--wpforms-background-position: center center;\n--wpforms-background-repeat: no-repeat;\n--wpforms-background-size: cover;\n--wpforms-background-width: 100px;\n--wpforms-background-height: 100px;\n--wpforms-background-color: rgba( 0, 0, 0, 0 );\n--wpforms-background-url: none;\n--wpforms-container-padding: 0px;\n--wpforms-container-border-style: none;\n--wpforms-container-border-width: 1px;\n--wpforms-container-border-color: #000000;\n--wpforms-container-border-radius: 3px;\n--wpforms-field-size-input-height: 43px;\n--wpforms-field-size-input-spacing: 15px;\n--wpforms-field-size-font-size: 16px;\n--wpforms-field-size-line-height: 19px;\n--wpforms-field-size-padding-h: 14px;\n--wpforms-field-size-checkbox-size: 16px;\n--wpforms-field-size-sublabel-spacing: 5px;\n--wpforms-field-size-icon-size: 1;\n--wpforms-label-size-font-size: 16px;\n--wpforms-label-size-line-height: 19px;\n--wpforms-label-size-sublabel-font-size: 14px;\n--wpforms-label-size-sublabel-line-height: 17px;\n--wpforms-button-size-font-size: 17px;\n--wpforms-button-size-height: 41px;\n--wpforms-button-size-padding-h: 15px;\n--wpforms-button-size-margin-top: 10px;\n--wpforms-container-shadow-size-box-shadow: none;\n\n\t\t\t\t}\n\t\t\t<\/style><style id=\"wpforms-css-vars-31-block-2b54e2d5-283e-44cb-91d6-a496b191b177\">\n\t\t\t\t#wpforms-31.wpforms-block-2b54e2d5-283e-44cb-91d6-a496b191b177 {\n\t\t\t\t\t--wpforms-label-color: #FFFFFF;\n--wpforms-field-background-color: #eeeeee;\n--wpforms-field-text-color: #244E8A;\n--wpforms-button-background-color: #FFFFFF;\n--wpforms-button-text-color: #244E8A;\n--wpforms-field-size-input-height: 43px;\n--wpforms-field-size-input-spacing: 15px;\n--wpforms-field-size-font-size: 16px;\n--wpforms-field-size-line-height: 19px;\n--wpforms-field-size-padding-h: 14px;\n--wpforms-field-size-checkbox-size: 16px;\n--wpforms-field-size-sublabel-spacing: 5px;\n--wpforms-field-size-icon-size: 1;\n--wpforms-label-size-font-size: 16px;\n--wpforms-label-size-line-height: 19px;\n--wpforms-label-size-sublabel-font-size: 14px;\n--wpforms-label-size-sublabel-line-height: 17px;\n--wpforms-button-size-font-size: 17px;\n--wpforms-button-size-height: 41px;\n--wpforms-button-size-padding-h: 15px;\n--wpforms-button-size-margin-top: 10px;\n\n\t\t\t\t}\n\t\t\t<\/style><style id=\"wpforms-custom-css-31-block-2b54e2d5-283e-44cb-91d6-a496b191b177\">\n\t\t\t\t@import url(&#039;https:\/\/fonts.googleapis.com\/css2?family=Inter:wght@400;700&amp;display=swap&#039;); body { font-family: &#039;Inter&#039;, sans-serif; }\n\t\t\t<\/style><div class=\"wpforms-container wpforms-container-full wpforms-block wpforms-block-2b54e2d5-283e-44cb-91d6-a496b191b177 wpforms-render-modern\" id=\"wpforms-31\"><form id=\"wpforms-form-31\" class=\"wpforms-validate wpforms-form wpforms-ajax-form\" data-formid=\"31\" method=\"post\" enctype=\"multipart\/form-data\" action=\"\/index.php?rest_route=%2Fwp%2Fv2%2Fpages%2F39\" data-token=\"a33ab07bac2a127066033ad5b955dcfb\" data-token-time=\"1776682747\"><noscript class=\"wpforms-error-noscript\">Please enable JavaScript in your browser to complete this form.<\/noscript><div class=\"wpforms-hidden\" id=\"wpforms-error-noscript\">Please enable JavaScript in your browser to complete this form.<\/div><div class=\"wpforms-field-container\"><div id=\"wpforms-31-field_0-container\" class=\"wpforms-field wpforms-field-name\" data-field-id=\"0\"><label class=\"wpforms-field-label\" for=\"wpforms-31-field_0\">Ime i Prezime <span class=\"wpforms-required-label\" aria-hidden=\"true\">*<\/span><\/label><input type=\"text\" id=\"wpforms-31-field_0\" class=\"wpforms-field-medium wpforms-field-required\" name=\"wpforms[fields][0]\" aria-errormessage=\"wpforms-31-field_0-error\" required><\/div><div id=\"wpforms-31-field_1-container\" class=\"wpforms-field wpforms-field-email\" data-field-id=\"1\"><label class=\"wpforms-field-label\" for=\"wpforms-31-field_1\">Email <span class=\"wpforms-required-label\" aria-hidden=\"true\">*<\/span><\/label><input type=\"email\" id=\"wpforms-31-field_1\" class=\"wpforms-field-medium wpforms-field-required\" name=\"wpforms[fields][1]\" spellcheck=\"false\" aria-errormessage=\"wpforms-31-field_1-error\" required><\/div><div id=\"wpforms-31-field_2-container\" class=\"wpforms-field wpforms-field-textarea\" data-field-id=\"2\"><label class=\"wpforms-field-label\" for=\"wpforms-31-field_2\">Va\u0161a poruka<\/label><textarea id=\"wpforms-31-field_2\" class=\"wpforms-field-medium\" name=\"wpforms[fields][2]\" aria-errormessage=\"wpforms-31-field_2-error\" ><\/textarea><\/div><\/div><!-- .wpforms-field-container --><div class=\"wpforms-submit-container\" ><input type=\"hidden\" name=\"wpforms[id]\" value=\"31\"><input type=\"hidden\" name=\"page_title\" value=\"\"><input type=\"hidden\" name=\"page_url\" value=\"https:\/\/lovraciscenje.hr\/index.php?rest_route=%2Fwp%2Fv2%2Fpages%2F39\"><button type=\"submit\" name=\"wpforms[submit]\" id=\"wpforms-submit-31\" class=\"wpforms-submit\" data-alt-text=\"Sending...\" data-submit-text=\"Submit\" aria-live=\"assertive\" value=\"wpforms-submit\">Submit<\/button><img loading=\"lazy\" decoding=\"async\" src=\"https:\/\/lovraciscenje.hr\/wp-content\/plugins\/wpforms-lite\/assets\/images\/submit-spin.svg\" class=\"wpforms-submit-spinner\" style=\"display: none;\" width=\"26\" height=\"26\" alt=\"Loading\"><\/div><\/form><\/div>  <!-- .wpforms-container -->","protected":false},"excerpt":{"rendered":"<p>Na\u0161e usluge \u010di\u0161\u0107enja pru\u017eaju visoko kvalificirani i iskusni djelatnici. Povjerenje i sigurnost: Jam\u010dimo stru\u010dnu uslugu i po\u0161tivanje svih zadanih normi i rokova. Iskustvo i zadovoljstvo klijenata: Radimo s brojnim klijentima na razli\u010ditim objektima, te imamo veliki broj zadovoljnih suvlasnika stambenih zgrada i poslovnih objekata. Odr\u017eavamo vi\u0161e od 60 stambenih i poslovnih zgrada.<\/p>\n","protected":false},"author":1,"featured_media":0,"parent":0,"menu_order":0,"comment_status":"closed","ping_status":"closed","template":"","meta":{"footnotes":""},"class_list":["post-39","page","type-page","status-publish","hentry"],"_links":{"self":[{"href":"https:\/\/lovraciscenje.hr\/index.php?rest_route=\/wp\/v2\/pages\/39","targetHints":{"allow":["GET"]}}],"collection":[{"href":"https:\/\/lovraciscenje.hr\/index.php?rest_route=\/wp\/v2\/pages"}],"about":[{"href":"https:\/\/lovraciscenje.hr\/index.php?rest_route=\/wp\/v2\/types\/page"}],"author":[{"embeddable":true,"href":"https:\/\/lovraciscenje.hr\/index.php?rest_route=\/wp\/v2\/users\/1"}],"replies":[{"embeddable":true,"href":"https:\/\/lovraciscenje.hr\/index.php?rest_route=%2Fwp%2Fv2%2Fcomments&post=39"}],"version-history":[{"count":11,"href":"https:\/\/lovraciscenje.hr\/index.php?rest_route=\/wp\/v2\/pages\/39\/revisions"}],"predecessor-version":[{"id":121,"href":"https:\/\/lovraciscenje.hr\/index.php?rest_route=\/wp\/v2\/pages\/39\/revisions\/121"}],"wp:attachment":[{"href":"https:\/\/lovraciscenje.hr\/index.php?rest_route=%2Fwp%2Fv2%2Fmedia&parent=39"}],"curies":[{"name":"wp","href":"https:\/\/api.w.org\/{rel}","templated":true}]}}