{"id":59,"date":"2024-07-16T09:01:48","date_gmt":"2024-07-16T09:01:48","guid":{"rendered":"https:\/\/lovraciscenje.hr\/?page_id=59"},"modified":"2024-07-17T08:56:43","modified_gmt":"2024-07-17T08:56:43","slug":"kontakt","status":"publish","type":"page","link":"https:\/\/lovraciscenje.hr\/?page_id=59","title":{"rendered":"KONTAKT"},"content":{"rendered":"\n<div class=\"wp-block-group alignfull has-global-padding is-layout-constrained wp-container-core-group-is-layout-490fa1db wp-block-group-is-layout-constrained\" style=\"padding-top:var(--wp--preset--spacing--50);padding-right:var(--wp--preset--spacing--50);padding-bottom:var(--wp--preset--spacing--50);padding-left:var(--wp--preset--spacing--50)\">\n<div class=\"wp-block-group has-global-padding is-layout-constrained wp-container-core-group-is-layout-650790e1 wp-block-group-is-layout-constrained\">\n<h1 class=\"wp-block-heading has-text-align-center has-x-large-font-size\">SVI UPITI U VEZI NA\u0160EG POSLOVANJA<br><\/h1>\n\n\n\n<div style=\"height:1.25rem\" aria-hidden=\"true\" class=\"wp-block-spacer\"><\/div>\n\n\n\n<p class=\"has-text-align-center has-inter-font-family\">Slobodno nam se obratite kako bi Vam na\u0161 stru\u010dni tim odgovorio na sve upite koje imate vezano za na\u0161e poslovanje, Va\u0161ih upita i ostalih informacija<\/p>\n<\/div>\n<\/div>\n\n\n\n<div class=\"wp-block-group alignfull has-custom-theme-color-background-color has-background has-global-padding is-layout-constrained wp-container-core-group-is-layout-f6cc5ae6 wp-block-group-is-layout-constrained\" style=\"margin-top:0;margin-bottom:0;padding-top:var(--wp--preset--spacing--30);padding-right:var(--wp--preset--spacing--50);padding-bottom:var(--wp--preset--spacing--30);padding-left:var(--wp--preset--spacing--50)\">\n<div class=\"wp-block-group is-vertical is-content-justification-center is-layout-flex wp-container-core-group-is-layout-52b864f0 wp-block-group-is-layout-flex\">\n<h2 class=\"wp-block-heading has-text-align-center is-style-default\">NA\u0160 TIM VAM STOJI NA RASPOLAGANJU<\/h2>\n<\/div>\n\n\n\n<div style=\"margin-top:0;margin-bottom:0;height:var(--wp--preset--spacing--40)\" aria-hidden=\"true\" class=\"wp-block-spacer\"><\/div>\n\n\n\n<div class=\"wp-block-columns alignwide is-layout-flex wp-container-core-columns-is-layout-d0bbbce0 wp-block-columns-is-layout-flex\">\n<div class=\"wp-block-column is-layout-flow wp-container-core-column-is-layout-e3d1c41b wp-block-column-is-layout-flow\">\n<h3 class=\"wp-block-heading has-text-align-center is-style-asterisk has-inter-font-family has-small-font-size\" style=\"font-style:normal;font-weight:600\">INFO<\/h3>\n\n\n\n<p class=\"has-text-align-center has-inter-font-family has-small-font-size\">Generalne informacije<\/p>\n\n\n\n<p class=\"has-text-align-center has-inter-font-family has-small-font-size\">info@lovraciscenje.hr<\/p>\n<\/div>\n\n\n\n<div class=\"wp-block-column is-layout-flow wp-container-core-column-is-layout-e3d1c41b wp-block-column-is-layout-flow\">\n<h3 class=\"wp-block-heading has-text-align-center is-style-asterisk has-inter-font-family has-small-font-size\" style=\"font-style:normal;font-weight:600\">J. LOVRI\u0106<br><\/h3>\n\n\n\n<p class=\"has-text-align-center has-inter-font-family has-small-font-size\">Direktor<\/p>\n\n\n\n<p class=\"has-text-align-center has-inter-font-family has-small-font-size\">j.lovric@lovraciscenje.hr<\/p>\n<\/div>\n\n\n\n<div class=\"wp-block-column is-layout-flow wp-container-core-column-is-layout-e3d1c41b wp-block-column-is-layout-flow\">\n<h3 class=\"wp-block-heading has-text-align-center is-style-asterisk has-inter-font-family has-small-font-size\" style=\"font-style:normal;font-weight:600\">L. VLA\u0160I\u0106<br><\/h3>\n\n\n\n<p class=\"has-text-align-center has-inter-font-family has-small-font-size\">Ra\u010dunovodstvo<\/p>\n\n\n\n<p class=\"has-text-align-center has-inter-font-family has-small-font-size\">l.vlasic@lovraciscenje.hr<\/p>\n<\/div>\n<\/div>\n\n\n\n<div style=\"height:var(--wp--preset--spacing--20)\" aria-hidden=\"true\" class=\"wp-block-spacer\"><\/div>\n\n\n\n<div class=\"wp-block-columns alignwide is-layout-flex wp-container-core-columns-is-layout-d0bbbce0 wp-block-columns-is-layout-flex\">\n<div class=\"wp-block-column has-custom-theme-color-background-color has-background is-layout-flow wp-container-core-column-is-layout-e3d1c41b wp-block-column-is-layout-flow\">\n<h3 class=\"wp-block-heading has-text-align-center is-style-asterisk has-inter-font-family has-small-font-size\" style=\"font-style:normal;font-weight:600\">A. VARE\u0160KI\u0106<br><\/h3>\n\n\n\n<p class=\"has-text-align-center has-inter-font-family has-small-font-size\">Marketing<\/p>\n\n\n\n<p class=\"has-text-align-center has-inter-font-family has-small-font-size\">a.vareskic@lovraciscenje.hr<\/p>\n<\/div>\n<\/div>\n<\/div>\n\n\n\n<div class=\"wp-block-group alignfull has-global-padding is-content-justification-center is-layout-constrained wp-container-core-group-is-layout-733701de wp-block-group-is-layout-constrained\" style=\"margin-top:0;margin-bottom:0;padding-top:var(--wp--preset--spacing--50);padding-right:var(--wp--preset--spacing--50);padding-bottom:var(--wp--preset--spacing--50);padding-left:var(--wp--preset--spacing--50)\"><style id=\"wpforms-css-vars-root\">\n\t\t\t\t:root {\n\t\t\t\t\t--wpforms-field-border-radius: 3px;\n--wpforms-field-border-style: solid;\n--wpforms-field-border-size: 1px;\n--wpforms-field-background-color: #ffffff;\n--wpforms-field-border-color: rgba( 0, 0, 0, 0.25 );\n--wpforms-field-border-color-spare: rgba( 0, 0, 0, 0.25 );\n--wpforms-field-text-color: rgba( 0, 0, 0, 0.7 );\n--wpforms-field-menu-color: #ffffff;\n--wpforms-label-color: rgba( 0, 0, 0, 0.85 );\n--wpforms-label-sublabel-color: rgba( 0, 0, 0, 0.55 );\n--wpforms-label-error-color: #d63637;\n--wpforms-button-border-radius: 3px;\n--wpforms-button-border-style: none;\n--wpforms-button-border-size: 1px;\n--wpforms-button-background-color: #066aab;\n--wpforms-button-border-color: #066aab;\n--wpforms-button-text-color: #ffffff;\n--wpforms-page-break-color: #066aab;\n--wpforms-background-image: none;\n--wpforms-background-position: center center;\n--wpforms-background-repeat: no-repeat;\n--wpforms-background-size: cover;\n--wpforms-background-width: 100px;\n--wpforms-background-height: 100px;\n--wpforms-background-color: rgba( 0, 0, 0, 0 );\n--wpforms-background-url: none;\n--wpforms-container-padding: 0px;\n--wpforms-container-border-style: none;\n--wpforms-container-border-width: 1px;\n--wpforms-container-border-color: #000000;\n--wpforms-container-border-radius: 3px;\n--wpforms-field-size-input-height: 43px;\n--wpforms-field-size-input-spacing: 15px;\n--wpforms-field-size-font-size: 16px;\n--wpforms-field-size-line-height: 19px;\n--wpforms-field-size-padding-h: 14px;\n--wpforms-field-size-checkbox-size: 16px;\n--wpforms-field-size-sublabel-spacing: 5px;\n--wpforms-field-size-icon-size: 1;\n--wpforms-label-size-font-size: 16px;\n--wpforms-label-size-line-height: 19px;\n--wpforms-label-size-sublabel-font-size: 14px;\n--wpforms-label-size-sublabel-line-height: 17px;\n--wpforms-button-size-font-size: 17px;\n--wpforms-button-size-height: 41px;\n--wpforms-button-size-padding-h: 15px;\n--wpforms-button-size-margin-top: 10px;\n--wpforms-container-shadow-size-box-shadow: none;\n\n\t\t\t\t}\n\t\t\t<\/style><style id=\"wpforms-css-vars-31-block-695b0945-6fda-409d-a454-239596a5c874\">\n\t\t\t\t#wpforms-31.wpforms-block-695b0945-6fda-409d-a454-239596a5c874 {\n\t\t\t\t\t--wpforms-label-color: #FFFFFF;\n--wpforms-field-background-color: #eeeeee;\n--wpforms-field-text-color: #244E8A;\n--wpforms-button-background-color: #FFFFFF;\n--wpforms-button-text-color: #244E8A;\n--wpforms-field-size-input-height: 43px;\n--wpforms-field-size-input-spacing: 15px;\n--wpforms-field-size-font-size: 16px;\n--wpforms-field-size-line-height: 19px;\n--wpforms-field-size-padding-h: 14px;\n--wpforms-field-size-checkbox-size: 16px;\n--wpforms-field-size-sublabel-spacing: 5px;\n--wpforms-field-size-icon-size: 1;\n--wpforms-label-size-font-size: 16px;\n--wpforms-label-size-line-height: 19px;\n--wpforms-label-size-sublabel-font-size: 14px;\n--wpforms-label-size-sublabel-line-height: 17px;\n--wpforms-button-size-font-size: 17px;\n--wpforms-button-size-height: 41px;\n--wpforms-button-size-padding-h: 15px;\n--wpforms-button-size-margin-top: 10px;\n\n\t\t\t\t}\n\t\t\t<\/style><div class=\"wpforms-container wpforms-container-full wpforms-block wpforms-block-695b0945-6fda-409d-a454-239596a5c874 wpforms-render-modern\" id=\"wpforms-31\"><form id=\"wpforms-form-31\" class=\"wpforms-validate wpforms-form wpforms-ajax-form\" data-formid=\"31\" method=\"post\" enctype=\"multipart\/form-data\" action=\"\/index.php?rest_route=%2Fwp%2Fv2%2Fpages%2F59\" data-token=\"d09673281536c38a4cb0859ed1d2ba6b\" data-token-time=\"1776515759\"><noscript class=\"wpforms-error-noscript\">Please enable JavaScript in your browser to complete this form.<\/noscript><div class=\"wpforms-hidden\" id=\"wpforms-error-noscript\">Please enable JavaScript in your browser to complete this form.<\/div><div class=\"wpforms-field-container\"><div id=\"wpforms-31-field_0-container\" class=\"wpforms-field wpforms-field-name\" data-field-id=\"0\"><label class=\"wpforms-field-label\" for=\"wpforms-31-field_0\">Ime i Prezime <span class=\"wpforms-required-label\" aria-hidden=\"true\">*<\/span><\/label><input type=\"text\" id=\"wpforms-31-field_0\" class=\"wpforms-field-medium wpforms-field-required\" name=\"wpforms[fields][0]\" aria-errormessage=\"wpforms-31-field_0-error\" required><\/div><div id=\"wpforms-31-field_1-container\" class=\"wpforms-field wpforms-field-email\" data-field-id=\"1\"><label class=\"wpforms-field-label\" for=\"wpforms-31-field_1\">Email <span class=\"wpforms-required-label\" aria-hidden=\"true\">*<\/span><\/label><input type=\"email\" id=\"wpforms-31-field_1\" class=\"wpforms-field-medium wpforms-field-required\" name=\"wpforms[fields][1]\" spellcheck=\"false\" aria-errormessage=\"wpforms-31-field_1-error\" required><\/div><div id=\"wpforms-31-field_2-container\" class=\"wpforms-field wpforms-field-textarea\" data-field-id=\"2\"><label class=\"wpforms-field-label\" for=\"wpforms-31-field_2\">Va\u0161a poruka<\/label><textarea id=\"wpforms-31-field_2\" class=\"wpforms-field-medium\" name=\"wpforms[fields][2]\" aria-errormessage=\"wpforms-31-field_2-error\" ><\/textarea><\/div><\/div><!-- .wpforms-field-container --><div class=\"wpforms-submit-container\" ><input type=\"hidden\" name=\"wpforms[id]\" value=\"31\"><input type=\"hidden\" name=\"page_title\" value=\"\"><input type=\"hidden\" name=\"page_url\" value=\"https:\/\/lovraciscenje.hr\/index.php?rest_route=%2Fwp%2Fv2%2Fpages%2F59\"><button type=\"submit\" name=\"wpforms[submit]\" id=\"wpforms-submit-31\" class=\"wpforms-submit\" data-alt-text=\"Sending...\" data-submit-text=\"Submit\" aria-live=\"assertive\" value=\"wpforms-submit\">Submit<\/button><img loading=\"lazy\" decoding=\"async\" src=\"https:\/\/lovraciscenje.hr\/wp-content\/plugins\/wpforms-lite\/assets\/images\/submit-spin.svg\" class=\"wpforms-submit-spinner\" style=\"display: none;\" width=\"26\" height=\"26\" alt=\"Loading\"><\/div><\/form><\/div>  <!-- .wpforms-container --><\/div>\n\n\n\n<figure class=\"wp-block-image aligncenter size-large is-resized\"><img loading=\"lazy\" decoding=\"async\" width=\"784\" height=\"1024\" src=\"https:\/\/lovraciscenje.hr\/wp-content\/uploads\/2024\/07\/lovra_white_final-2-784x1024.png\" alt=\"\" class=\"wp-image-49\" style=\"width:94px;height:auto\" srcset=\"https:\/\/lovraciscenje.hr\/wp-content\/uploads\/2024\/07\/lovra_white_final-2-784x1024.png 784w, https:\/\/lovraciscenje.hr\/wp-content\/uploads\/2024\/07\/lovra_white_final-2-230x300.png 230w, https:\/\/lovraciscenje.hr\/wp-content\/uploads\/2024\/07\/lovra_white_final-2-768x1003.png 768w, https:\/\/lovraciscenje.hr\/wp-content\/uploads\/2024\/07\/lovra_white_final-2-1176x1536.png 1176w, https:\/\/lovraciscenje.hr\/wp-content\/uploads\/2024\/07\/lovra_white_final-2-1568x2048.png 1568w\" sizes=\"auto, (max-width: 784px) 100vw, 784px\" \/><\/figure>\n","protected":false},"excerpt":{"rendered":"<p>SVI UPITI U VEZI NA\u0160EG POSLOVANJA Slobodno nam se obratite kako bi Vam na\u0161 stru\u010dni tim odgovorio na sve upite koje imate vezano za na\u0161e poslovanje, Va\u0161ih upita i ostalih informacija NA\u0160 TIM VAM STOJI NA RASPOLAGANJU INFO Generalne informacije info@lovraciscenje.hr J. LOVRI\u0106 Direktor j.lovric@lovraciscenje.hr L. VLA\u0160I\u0106 Ra\u010dunovodstvo l.vlasic@lovraciscenje.hr A. VARE\u0160KI\u0106 Marketing a.vareskic@lovraciscenje.hr<\/p>\n","protected":false},"author":1,"featured_media":0,"parent":0,"menu_order":0,"comment_status":"closed","ping_status":"closed","template":"","meta":{"footnotes":""},"class_list":["post-59","page","type-page","status-publish","hentry"],"_links":{"self":[{"href":"https:\/\/lovraciscenje.hr\/index.php?rest_route=\/wp\/v2\/pages\/59","targetHints":{"allow":["GET"]}}],"collection":[{"href":"https:\/\/lovraciscenje.hr\/index.php?rest_route=\/wp\/v2\/pages"}],"about":[{"href":"https:\/\/lovraciscenje.hr\/index.php?rest_route=\/wp\/v2\/types\/page"}],"author":[{"embeddable":true,"href":"https:\/\/lovraciscenje.hr\/index.php?rest_route=\/wp\/v2\/users\/1"}],"replies":[{"embeddable":true,"href":"https:\/\/lovraciscenje.hr\/index.php?rest_route=%2Fwp%2Fv2%2Fcomments&post=59"}],"version-history":[{"count":5,"href":"https:\/\/lovraciscenje.hr\/index.php?rest_route=\/wp\/v2\/pages\/59\/revisions"}],"predecessor-version":[{"id":82,"href":"https:\/\/lovraciscenje.hr\/index.php?rest_route=\/wp\/v2\/pages\/59\/revisions\/82"}],"wp:attachment":[{"href":"https:\/\/lovraciscenje.hr\/index.php?rest_route=%2Fwp%2Fv2%2Fmedia&parent=59"}],"curies":[{"name":"wp","href":"https:\/\/api.w.org\/{rel}","templated":true}]}}